{"id":210,"date":"2025-09-27T11:38:54","date_gmt":"2025-09-27T11:38:54","guid":{"rendered":"https:\/\/fvfbabl.cluster100.hosting.ovh.net\/?page_id=210"},"modified":"2025-11-26T22:06:40","modified_gmt":"2025-11-26T22:06:40","slug":"le-scribe","status":"publish","type":"page","link":"https:\/\/volgoor.com\/index.php\/le-scribe\/","title":{"rendered":"QUI SUIS-JE ?"},"content":{"rendered":"\t\t<div data-elementor-type=\"wp-page\" data-elementor-id=\"210\" class=\"elementor elementor-210\" data-elementor-settings=\"{&quot;ha_cmc_init_switcher&quot;:&quot;no&quot;}\" data-elementor-post-type=\"page\">\n\t\t\t\t<div class=\"elementor-element elementor-element-e26a210 e-flex e-con-boxed e-con e-parent\" data-id=\"e26a210\" data-element_type=\"container\" data-e-type=\"container\" data-settings=\"{&quot;_ha_eqh_enable&quot;:false}\">\n\t\t\t\t\t<div class=\"e-con-inner\">\n\t\t\t\t<div class=\"elementor-element elementor-element-8dd449d elementor-widget elementor-widget-heading\" data-id=\"8dd449d\" data-element_type=\"widget\" data-e-type=\"widget\" data-widget_type=\"heading.default\">\n\t\t\t\t\t<h1 class=\"elementor-heading-title elementor-size-default\">QUI SUIS-JE ?<\/h1>\t\t\t\t<\/div>\n\t\t\t\t\t<\/div>\n\t\t\t\t<\/div>\n\t\t<div class=\"elementor-element elementor-element-300c4ca e-con-full e-flex e-con e-parent\" data-id=\"300c4ca\" data-element_type=\"container\" data-e-type=\"container\" data-settings=\"{&quot;_ha_eqh_enable&quot;:false}\">\n\t\t\t\t<div class=\"elementor-element elementor-element-a82803f elementor-widget__width-inherit elementor-widget elementor-widget-image\" data-id=\"a82803f\" data-element_type=\"widget\" data-e-type=\"widget\" data-widget_type=\"image.default\">\n\t\t\t\t\t\t\t\t\t\t\t\t\t\t\t<img fetchpriority=\"high\" decoding=\"async\" width=\"1344\" height=\"768\" src=\"https:\/\/volgoor.com\/wp-content\/uploads\/2025\/11\/volgoor-scrib.png\" class=\"attachment-full size-full wp-image-7240\" alt=\"page du site Volgoor : qui suis-je?\" srcset=\"https:\/\/volgoor.com\/wp-content\/uploads\/2025\/11\/volgoor-scrib.png 1344w, https:\/\/volgoor.com\/wp-content\/uploads\/2025\/11\/volgoor-scrib-300x171.png 300w, https:\/\/volgoor.com\/wp-content\/uploads\/2025\/11\/volgoor-scrib-1024x585.png 1024w, https:\/\/volgoor.com\/wp-content\/uploads\/2025\/11\/volgoor-scrib-768x439.png 768w\" sizes=\"(max-width: 1344px) 100vw, 1344px\" \/>\t\t\t\t\t\t\t\t\t\t\t\t\t\t\t<\/div>\n\t\t\t\t<\/div>\n\t\t<div class=\"elementor-element elementor-element-13706f2 e-flex e-con-boxed e-con e-parent\" data-id=\"13706f2\" data-element_type=\"container\" data-e-type=\"container\" data-settings=\"{&quot;_ha_eqh_enable&quot;:false}\">\n\t\t\t\t\t<div class=\"e-con-inner\">\n\t\t\t\t<div class=\"elementor-element elementor-element-6f33a34 elementor-widget elementor-widget-text-editor\" data-id=\"6f33a34\" data-element_type=\"widget\" data-e-type=\"widget\" data-widget_type=\"text-editor.default\">\n\t\t\t\t\t\t\t\t\t<p data-start=\"324\" data-end=\"888\">Depuis mon plus jeune \u00e2ge, j\u2019ai toujours \u00e9t\u00e9 fascin\u00e9 par tout ce qui touche au monde de la fantasy.<br data-start=\"423\" data-end=\"426\" \/>Fan inconditionnel du <em data-start=\"448\" data-end=\"470\">Seigneur des Anneaux<\/em> et de <em data-start=\"477\" data-end=\"494\">Game of Thrones<\/em>, j\u2019ai grandi avec ces univers o\u00f9 chaque royaume, chaque h\u00e9ros, chaque ombre semblait respirer la magie. J\u2019aime aussi <em data-start=\"612\" data-end=\"623\">Star Wars<\/em>, dont l\u2019immensit\u00e9 galactique m\u2019a toujours captiv\u00e9. J\u2019ai longuement parcouru les mondes de <em data-start=\"714\" data-end=\"743\">Star Wars: The Old Republic<\/em> et de <em data-start=\"750\" data-end=\"776\">The Elder Scrolls Online, <\/em>ce dernier ayant largement nourri mon imagination et inspir\u00e9 la cr\u00e9ation de mon propre monde : Volgoor.<\/p><p data-start=\"890\" data-end=\"1221\">Parmi les auteurs qui ont fa\u00e7onn\u00e9 mon amour de la litt\u00e9rature de l\u2019imaginaire, figurent Tolkien, George R. R. Martin, Anthony Ryan ou encore David Gemmell. Chacun d\u2019eux, \u00e0 sa mani\u00e8re, a laiss\u00e9 une empreinte ind\u00e9l\u00e9bile dans mon esprit, gravant en moi le d\u00e9sir de b\u00e2tir \u00e0 mon tour un univers aussi vaste que vivant.<\/p><p data-start=\"1223\" data-end=\"1481\">Avant Volgoor, j\u2019avais d\u00e9j\u00e0 \u00e9crit trois livres :<br data-start=\"1271\" data-end=\"1274\" \/>\u2013 <em data-start=\"1276\" data-end=\"1305\">Le Ma\u00eetre d\u2019Arork et Marork<\/em><br data-start=\"1305\" data-end=\"1308\" \/>\u2013 <em data-start=\"1310\" data-end=\"1353\">L\u2019Ordre des F\u00e9nri : La Voie des Assassins<\/em><br data-start=\"1353\" data-end=\"1356\" \/>\u2013 <em data-start=\"1358\" data-end=\"1406\">Vampires vs Lycans : Les Origines de la Guerre<\/em><br data-start=\"1406\" data-end=\"1409\" \/>Tous trois sont disponibles sur Amazon, en format papier et num\u00e9rique.<\/p><p data-start=\"1483\" data-end=\"1861\">Pourtant, malgr\u00e9 la richesse de ces histoires, il me manquait quelque chose\u2026 un souffle plus large, une dimension plus profonde.<br data-start=\"1611\" data-end=\"1614\" \/>Je voulais aller plus loin.<br data-start=\"1641\" data-end=\"1644\" \/>C\u2019est alors qu\u2019est n\u00e9e l\u2019id\u00e9e de Volgoor : un monde compos\u00e9 de neuf royaumes, interconnect\u00e9s, vastes, changeants\u2026 un univers o\u00f9 chaque histoire en croise une autre, o\u00f9 chaque royaume cache sa propre l\u00e9gende.<\/p><p data-start=\"1863\" data-end=\"2242\">Volgoor, c\u2019est une invitation au voyage, \u00e0 l\u2019\u00e9merveillement, \u00e0 l\u2019\u00e9motion brute.<br data-start=\"1946\" data-end=\"1949\" \/>Un monde o\u00f9 les lecteurs vivront des aventures \u00e9piques, oublieront un instant la tumulte du quotidien, et marcheront aux c\u00f4t\u00e9s des elfes, des mages et des guerriers.<br data-start=\"2114\" data-end=\"2117\" \/>Un monde fa\u00e7onn\u00e9 pour vous, afin que vous puissiez vous perdre et peut-\u00eatre vous retrouver dans ses terres ancestrales.<\/p><p data-start=\"2244\" data-end=\"2406\">Si vous aimez la fantasy, si votre c\u0153ur bat pour la dark fantasy, alors plongez au c\u0153ur de Volgoor et de ses neuf royaumes\u2026<br data-start=\"2371\" data-end=\"2374\" \/>Ils n\u2019attendent plus que vous.<\/p><p data-start=\"2244\" data-end=\"2406\">Votre scribe, Karl Markton.<\/p><p data-start=\"2244\" data-end=\"2406\">\u00a0<\/p>\t\t\t\t\t\t\t\t<\/div>\n\t\t\t\t\t<\/div>\n\t\t\t\t<\/div>\n\t\t<div class=\"elementor-element elementor-element-fcd69ae e-flex e-con-boxed e-con e-parent\" data-id=\"fcd69ae\" data-element_type=\"container\" data-e-type=\"container\" data-settings=\"{&quot;_ha_eqh_enable&quot;:false}\">\n\t\t\t\t\t<div class=\"e-con-inner\">\n\t\t\t\t<div class=\"elementor-element elementor-element-921df75 elementor-widget__width-initial ha-has-bg-overlay elementor-widget elementor-widget-button\" data-id=\"921df75\" data-element_type=\"widget\" data-e-type=\"widget\" data-widget_type=\"button.default\">\n\t\t\t\t\t\t\t\t\t\t<a class=\"elementor-button elementor-button-link elementor-size-sm\" href=\"https:\/\/www.amazon.fr\/stores\/KARL-MARKTON\/author\/B0F1ZNQY4Y?ref=ap_rdr&#038;isDramIntegrated=true&#038;shoppingPortalEnabled=true\" target=\"_blank\" rel=\"nofollow noopener\">\n\t\t\t\t\t\t<span class=\"elementor-button-content-wrapper\">\n\t\t\t\t\t\t<span class=\"elementor-button-icon\">\n\t\t\t\t<svg aria-hidden=\"true\" class=\"e-font-icon-svg e-fab-amazon\" viewBox=\"0 0 448 512\" xmlns=\"http:\/\/www.w3.org\/2000\/svg\"><path d=\"M257.2 162.7c-48.7 1.8-169.5 15.5-169.5 117.5 0 109.5 138.3 114 183.5 43.2 6.5 10.2 35.4 37.5 45.3 46.8l56.8-56S341 288.9 341 261.4V114.3C341 89 316.5 32 228.7 32 140.7 32 94 87 94 136.3l73.5 6.8c16.3-49.5 54.2-49.5 54.2-49.5 40.7-.1 35.5 29.8 35.5 69.1zm0 86.8c0 80-84.2 68-84.2 17.2 0-47.2 50.5-56.7 84.2-57.8v40.6zm136 163.5c-7.7 10-70 67-174.5 67S34.2 408.5 9.7 379c-6.8-7.7 1-11.3 5.5-8.3C88.5 415.2 203 488.5 387.7 401c7.5-3.7 13.3 2 5.5 12zm39.8 2.2c-6.5 15.8-16 26.8-21.2 31-5.5 4.5-9.5 2.7-6.5-3.8s19.3-46.5 12.7-55c-6.5-8.3-37-4.3-48-3.2-10.8 1-13 2-14-.3-2.3-5.7 21.7-15.5 37.5-17.5 15.7-1.8 41-.8 46 5.7 3.7 5.1 0 27.1-6.5 43.1z\"><\/path><\/svg>\t\t\t<\/span>\n\t\t\t\t\t\t\t\t\t<span class=\"elementor-button-text\">D\u00e9couvrez le premier r\u00e9cit des Neuf Royaumes<\/span>\n\t\t\t\t\t<\/span>\n\t\t\t\t\t<\/a>\n\t\t\t\t\t\t\t\t<\/div>\n\t\t\t\t\t<\/div>\n\t\t\t\t<\/div>\n\t\t<div class=\"elementor-element elementor-element-1ec3e9f e-flex e-con-boxed e-con e-parent\" data-id=\"1ec3e9f\" data-element_type=\"container\" data-e-type=\"container\" data-settings=\"{&quot;_ha_eqh_enable&quot;:false}\">\n\t\t\t\t\t<div class=\"e-con-inner\">\n\t\t<div class=\"elementor-element elementor-element-39b17d1 e-con-full e-flex e-con e-child\" data-id=\"39b17d1\" data-element_type=\"container\" data-e-type=\"container\" data-settings=\"{&quot;_ha_eqh_enable&quot;:false}\">\n\t\t\t\t<div class=\"elementor-element elementor-element-a3ddeca elementor-widget elementor-widget-heading\" data-id=\"a3ddeca\" data-element_type=\"widget\" data-e-type=\"widget\" data-widget_type=\"heading.default\">\n\t\t\t\t\t<h2 class=\"elementor-heading-title elementor-size-default\">LE MONDE DE VOLGOOR N'ATTEND PLUS QUE VOUS<\/h2>\t\t\t\t<\/div>\n\t\t\t\t<\/div>\n\t\t\t\t\t<\/div>\n\t\t\t\t<\/div>\n\t\t<div class=\"elementor-element elementor-element-5f9eabd e-flex e-con-boxed e-con e-parent\" data-id=\"5f9eabd\" data-element_type=\"container\" data-e-type=\"container\" data-settings=\"{&quot;_ha_eqh_enable&quot;:false}\">\n\t\t\t\t\t<div class=\"e-con-inner\">\n\t\t<div class=\"elementor-element elementor-element-008801c e-con-full e-flex e-con e-child\" data-id=\"008801c\" data-element_type=\"container\" data-e-type=\"container\" data-settings=\"{&quot;_ha_eqh_enable&quot;:false}\">\n\t\t\t\t<div class=\"elementor-element elementor-element-f9f1f63 elementor-widget__width-initial elementor-widget elementor-widget-image\" data-id=\"f9f1f63\" data-element_type=\"widget\" data-e-type=\"widget\" data-widget_type=\"image.default\">\n\t\t\t\t\t\t\t\t\t\t\t\t\t\t\t<img decoding=\"async\" width=\"1024\" height=\"1024\" src=\"https:\/\/volgoor.com\/wp-content\/uploads\/2025\/11\/logo-volggor-refait-20.10-Copie.png\" class=\"attachment-full size-full wp-image-7158\" alt=\"logo du monde de Volgoor\" srcset=\"https:\/\/volgoor.com\/wp-content\/uploads\/2025\/11\/logo-volggor-refait-20.10-Copie.png 1024w, https:\/\/volgoor.com\/wp-content\/uploads\/2025\/11\/logo-volggor-refait-20.10-Copie-300x300.png 300w, https:\/\/volgoor.com\/wp-content\/uploads\/2025\/11\/logo-volggor-refait-20.10-Copie-150x150.png 150w, https:\/\/volgoor.com\/wp-content\/uploads\/2025\/11\/logo-volggor-refait-20.10-Copie-768x768.png 768w\" sizes=\"(max-width: 1024px) 100vw, 1024px\" \/>\t\t\t\t\t\t\t\t\t\t\t\t\t\t\t<\/div>\n\t\t\t\t<\/div>\n\t\t\t\t\t<\/div>\n\t\t\t\t<\/div>\n\t\t\t\t<\/div>\n\t\t","protected":false},"excerpt":{"rendered":"<p>QUI SUIS-JE ? Depuis mon plus jeune \u00e2ge, j\u2019ai toujours \u00e9t\u00e9 fascin\u00e9 par tout ce qui touche au monde de la fantasy.Fan inconditionnel du Seigneur des Anneaux et de Game of Thrones, j\u2019ai grandi avec ces univers o\u00f9 chaque royaume, chaque h\u00e9ros, chaque ombre semblait respirer la magie. J\u2019aime aussi Star Wars, dont l\u2019immensit\u00e9 galactique [&hellip;]<\/p>\n","protected":false},"author":1,"featured_media":0,"parent":0,"menu_order":0,"comment_status":"closed","ping_status":"closed","template":"","meta":{"footnotes":""},"class_list":["post-210","page","type-page","status-publish","hentry"],"_links":{"self":[{"href":"https:\/\/volgoor.com\/index.php\/wp-json\/wp\/v2\/pages\/210","targetHints":{"allow":["GET"]}}],"collection":[{"href":"https:\/\/volgoor.com\/index.php\/wp-json\/wp\/v2\/pages"}],"about":[{"href":"https:\/\/volgoor.com\/index.php\/wp-json\/wp\/v2\/types\/page"}],"author":[{"embeddable":true,"href":"https:\/\/volgoor.com\/index.php\/wp-json\/wp\/v2\/users\/1"}],"replies":[{"embeddable":true,"href":"https:\/\/volgoor.com\/index.php\/wp-json\/wp\/v2\/comments?post=210"}],"version-history":[{"count":170,"href":"https:\/\/volgoor.com\/index.php\/wp-json\/wp\/v2\/pages\/210\/revisions"}],"predecessor-version":[{"id":7812,"href":"https:\/\/volgoor.com\/index.php\/wp-json\/wp\/v2\/pages\/210\/revisions\/7812"}],"wp:attachment":[{"href":"https:\/\/volgoor.com\/index.php\/wp-json\/wp\/v2\/media?parent=210"}],"curies":[{"name":"wp","href":"https:\/\/api.w.org\/{rel}","templated":true}]}}