{"id":68,"date":"2025-09-26T21:42:20","date_gmt":"2025-09-26T21:42:20","guid":{"rendered":"https:\/\/fvfbabl.cluster100.hosting.ovh.net\/?page_id=68"},"modified":"2025-11-26T21:57:19","modified_gmt":"2025-11-26T21:57:19","slug":"prochainement","status":"publish","type":"page","link":"https:\/\/volgoor.com\/index.php\/prochainement\/","title":{"rendered":"A VENIR"},"content":{"rendered":"\t\t<div data-elementor-type=\"wp-page\" data-elementor-id=\"68\" class=\"elementor elementor-68\" data-elementor-settings=\"{&quot;ha_cmc_init_switcher&quot;:&quot;no&quot;}\" data-elementor-post-type=\"page\">\n\t\t\t\t<div class=\"elementor-element elementor-element-5adfaac e-con-full e-flex e-con e-parent\" data-id=\"5adfaac\" data-element_type=\"container\" data-e-type=\"container\" data-settings=\"{&quot;_ha_eqh_enable&quot;:false}\">\n\t\t\t\t<div class=\"elementor-element elementor-element-6f97ad2 elementor-widget__width-inherit elementor-widget elementor-widget-image\" data-id=\"6f97ad2\" data-element_type=\"widget\" data-e-type=\"widget\" data-widget_type=\"image.default\">\n\t\t\t\t\t\t\t\t\t\t\t\t\t\t\t<img fetchpriority=\"high\" decoding=\"async\" width=\"1344\" height=\"768\" src=\"https:\/\/volgoor.com\/wp-content\/uploads\/2025\/11\/venir.png\" class=\"attachment-full size-full wp-image-7186\" alt=\"\" srcset=\"https:\/\/volgoor.com\/wp-content\/uploads\/2025\/11\/venir.png 1344w, https:\/\/volgoor.com\/wp-content\/uploads\/2025\/11\/venir-300x171.png 300w, https:\/\/volgoor.com\/wp-content\/uploads\/2025\/11\/venir-1024x585.png 1024w, https:\/\/volgoor.com\/wp-content\/uploads\/2025\/11\/venir-768x439.png 768w\" sizes=\"(max-width: 1344px) 100vw, 1344px\" \/>\t\t\t\t\t\t\t\t\t\t\t\t\t\t\t<\/div>\n\t\t\t\t<\/div>\n\t\t<div class=\"elementor-element elementor-element-5920ada e-con-full e-flex e-con e-parent\" data-id=\"5920ada\" data-element_type=\"container\" data-e-type=\"container\" data-settings=\"{&quot;_ha_eqh_enable&quot;:false}\">\n\t\t<div class=\"elementor-element elementor-element-b9b0b98 e-con-full e-flex e-con e-child\" data-id=\"b9b0b98\" data-element_type=\"container\" data-e-type=\"container\" data-settings=\"{&quot;_ha_eqh_enable&quot;:false}\">\n\t\t<div class=\"elementor-element elementor-element-47a523a e-con-full e-flex e-con e-child\" data-id=\"47a523a\" data-element_type=\"container\" data-e-type=\"container\" data-settings=\"{&quot;_ha_eqh_enable&quot;:false}\">\n\t\t\t\t<div class=\"elementor-element elementor-element-0a0033e elementor-widget elementor-widget-heading\" data-id=\"0a0033e\" data-element_type=\"widget\" data-e-type=\"widget\" data-widget_type=\"heading.default\">\n\t\t\t\t\t<h2 class=\"elementor-heading-title elementor-size-default\">\u00c0 venir dans l\u2019univers de Volgoor<\/h2>\t\t\t\t<\/div>\n\t\t\t\t<\/div>\n\t\t\t\t<\/div>\n\t\t\t\t<\/div>\n\t\t<div class=\"elementor-element elementor-element-12d40cb e-flex e-con-boxed e-con e-parent\" data-id=\"12d40cb\" data-element_type=\"container\" data-e-type=\"container\" data-settings=\"{&quot;_ha_eqh_enable&quot;:false}\">\n\t\t\t\t\t<div class=\"e-con-inner\">\n\t\t<div class=\"elementor-element elementor-element-3266c81 e-con-full e-flex e-con e-child\" data-id=\"3266c81\" data-element_type=\"container\" data-e-type=\"container\" data-settings=\"{&quot;_ha_eqh_enable&quot;:false}\">\n\t\t<div class=\"elementor-element elementor-element-04baf54 e-con-full e-flex e-con e-child\" data-id=\"04baf54\" data-element_type=\"container\" data-e-type=\"container\" data-settings=\"{&quot;_ha_eqh_enable&quot;:false}\">\n\t\t<div class=\"elementor-element elementor-element-06bcd46 e-grid e-con-full e-con e-child\" data-id=\"06bcd46\" data-element_type=\"container\" data-e-type=\"container\" data-settings=\"{&quot;background_background&quot;:&quot;classic&quot;,&quot;_ha_eqh_enable&quot;:false}\">\n\t\t\t\t<div class=\"elementor-element elementor-element-feef65f elementor-widget__width-inherit ha-has-bg-overlay elementor-widget elementor-widget-image\" data-id=\"feef65f\" data-element_type=\"widget\" data-e-type=\"widget\" data-widget_type=\"image.default\">\n\t\t\t\t\t\t\t\t\t\t\t\t\t\t\t<img decoding=\"async\" width=\"1500\" height=\"1383\" src=\"https:\/\/volgoor.com\/wp-content\/uploads\/2025\/10\/1760361329.png\" class=\"attachment-full size-full wp-image-7070\" alt=\"\" srcset=\"https:\/\/volgoor.com\/wp-content\/uploads\/2025\/10\/1760361329.png 1500w, https:\/\/volgoor.com\/wp-content\/uploads\/2025\/10\/1760361329-300x277.png 300w, https:\/\/volgoor.com\/wp-content\/uploads\/2025\/10\/1760361329-1024x944.png 1024w, https:\/\/volgoor.com\/wp-content\/uploads\/2025\/10\/1760361329-768x708.png 768w\" sizes=\"(max-width: 1500px) 100vw, 1500px\" \/>\t\t\t\t\t\t\t\t\t\t\t\t\t\t\t<\/div>\n\t\t\t\t<div class=\"elementor-element elementor-element-4c96356 elementor-widget elementor-widget-text-editor\" data-id=\"4c96356\" data-element_type=\"widget\" data-e-type=\"widget\" data-widget_type=\"text-editor.default\">\n\t\t\t\t\t\t\t\t\t<h3 data-start=\"354\" data-end=\"394\"><strong data-start=\"358\" data-end=\"392\">VOLGOOR : LE SEIGNEUR DU GIVRE<\/strong><\/h3><p data-start=\"395\" data-end=\"421\"><strong data-start=\"395\" data-end=\"419\">Sortie pr\u00e9vue \u2013 2026<\/strong><\/p><p data-start=\"423\" data-end=\"1141\">Dans l\u2019un des grands royaumes du monde de Volgoor, <strong data-start=\"474\" data-end=\"524\">le Seigneur du Givre \u00e9tend son empire de glace<\/strong>.<br data-start=\"525\" data-end=\"528\" \/>Son ambition est sans limite : <strong data-start=\"559\" data-end=\"610\">plonger les terres du Sud dans un hiver \u00e9ternel<\/strong>, o\u00f9 plus rien ne fleurirait jamais.<br data-start=\"646\" data-end=\"649\" \/>Des temp\u00eates d\u00e9chirent le ciel, les rivi\u00e8res se figent, et les arm\u00e9es du froid avancent inexorablement.<br data-start=\"752\" data-end=\"755\" \/>Face \u00e0 cette puissance glaciale, <strong data-start=\"788\" data-end=\"818\" data-is-only-node=\"\">quelques h\u00e9ros se l\u00e8veront<\/strong>, port\u00e9s par le courage, la foi ou le d\u00e9sespoir, pr\u00eats \u00e0 <strong data-start=\"875\" data-end=\"940\">sacrifier leur vie pour emp\u00eacher la chute des royaumes libres<\/strong>.<br data-start=\"941\" data-end=\"944\" \/>Entre <strong data-start=\"950\" data-end=\"968\">magie ancienne<\/strong>, <strong data-start=\"970\" data-end=\"992\">alliances fragiles<\/strong> et <strong data-start=\"996\" data-end=\"1020\">batailles dantesques<\/strong>, le destin du monde vacille sur le fil du givre.<br data-start=\"1069\" data-end=\"1072\" \/>Une \u00e9pop\u00e9e sombre et majestueuse, o\u00f9 chaque souffle devient combat.<\/p><p data-start=\"1143\" data-end=\"1203\"><em data-start=\"1143\" data-end=\"1203\">Visuel non contractuel \u2013 couverture susceptible d\u2019\u00e9voluer.<\/em><\/p>\t\t\t\t\t\t\t\t<\/div>\n\t\t\t\t<div class=\"elementor-element elementor-element-5a551dd elementor-widget elementor-widget-text-editor\" data-id=\"5a551dd\" data-element_type=\"widget\" data-e-type=\"widget\" data-widget_type=\"text-editor.default\">\n\t\t\t\t\t\t\t\t\t<p data-start=\"325\" data-end=\"566\">Dans les ateliers du scribe, les mots s\u2019aff\u00fbtent comme des lames, et les id\u00e9es prennent feu sur l\u2019enclume du temps. Chaque projet est une flamme nouvelle dans l\u2019obscurit\u00e9 grandissante, une porte ouverte sur un royaume encore inexplor\u00e9.\u00a0Certains r\u00e9cits dorment encore dans les archives de Volgoor, d\u2019autres ne demandent qu\u2019une \u00e9tincelle pour rena\u00eetre.<br data-start=\"687\" data-end=\"690\" \/>Ici, tout commence par une vision, celle d\u2019un monde en perp\u00e9tuelle expansion, o\u00f9 chaque \u0153uvre ajoute une pierre \u00e0 l\u2019\u00e9difice des Neuf Royaumes.<\/p><p data-start=\"325\" data-end=\"566\">Que vous soyez lecteur, voyageur ou r\u00eaveur, souvenez-vous : Volgoor attend, patient et vigilant, le prochain r\u00e9cit \u00e0 na\u00eetre.<\/p><p data-start=\"325\" data-end=\"566\">\u00a0<\/p>\t\t\t\t\t\t\t\t<\/div>\n\t\t\t\t<div class=\"elementor-element elementor-element-7bc18d4 elementor-widget elementor-widget-video\" data-id=\"7bc18d4\" data-element_type=\"widget\" data-e-type=\"widget\" data-settings=\"{&quot;video_type&quot;:&quot;hosted&quot;,&quot;autoplay&quot;:&quot;yes&quot;,&quot;play_on_mobile&quot;:&quot;yes&quot;,&quot;mute&quot;:&quot;yes&quot;,&quot;loop&quot;:&quot;yes&quot;,&quot;controls&quot;:&quot;yes&quot;}\" data-widget_type=\"video.default\">\n\t\t\t\t\t\t\t<div class=\"e-hosted-video elementor-wrapper elementor-open-inline\">\n\t\t\t\t\t<video class=\"elementor-video\" src=\"https:\/\/volgoor.com\/wp-content\/uploads\/2025\/10\/envato_video_gen_Oct_13_2025_13_58_33.mp4\" autoplay=\"\" loop=\"\" controls=\"\" muted=\"muted\" playsinline=\"\" controlsList=\"nodownload\"><\/video>\n\t\t\t\t<\/div>\n\t\t\t\t\t\t<\/div>\n\t\t\t\t<\/div>\n\t\t\t\t<\/div>\n\t\t\t\t<\/div>\n\t\t\t\t\t<\/div>\n\t\t\t\t<\/div>\n\t\t<div class=\"elementor-element elementor-element-e4640d6 e-con-full e-flex e-con e-parent\" data-id=\"e4640d6\" data-element_type=\"container\" data-e-type=\"container\" data-settings=\"{&quot;_ha_eqh_enable&quot;:false}\">\n\t\t<div class=\"elementor-element elementor-element-95e656c e-con-full e-flex e-con e-child\" data-id=\"95e656c\" data-element_type=\"container\" data-e-type=\"container\" data-settings=\"{&quot;_ha_eqh_enable&quot;:false}\">\n\t\t\t\t<div class=\"elementor-element elementor-element-4b8d6cd elementor-widget elementor-widget-heading\" data-id=\"4b8d6cd\" data-element_type=\"widget\" data-e-type=\"widget\" data-widget_type=\"heading.default\">\n\t\t\t\t\t<h2 class=\"elementor-heading-title elementor-size-default\">LE MONDE DE VOLGOOR N'ATTEND PLUS QUE VOUS<\/h2>\t\t\t\t<\/div>\n\t\t\t\t<\/div>\n\t\t\t\t<\/div>\n\t\t<div class=\"elementor-element elementor-element-62b386f e-flex e-con-boxed e-con e-parent\" data-id=\"62b386f\" data-element_type=\"container\" data-e-type=\"container\" data-settings=\"{&quot;_ha_eqh_enable&quot;:false}\">\n\t\t\t\t\t<div class=\"e-con-inner\">\n\t\t\t\t\t<\/div>\n\t\t\t\t<\/div>\n\t\t<div class=\"elementor-element elementor-element-4592893 e-con-full e-flex e-con e-parent\" data-id=\"4592893\" data-element_type=\"container\" data-e-type=\"container\" data-settings=\"{&quot;_ha_eqh_enable&quot;:false}\">\n\t\t<div class=\"elementor-element elementor-element-d644075 e-con-full e-flex e-con e-child\" data-id=\"d644075\" data-element_type=\"container\" data-e-type=\"container\" data-settings=\"{&quot;_ha_eqh_enable&quot;:false}\">\n\t\t\t\t<div class=\"elementor-element elementor-element-d21ce9f elementor-widget__width-initial elementor-widget elementor-widget-image\" data-id=\"d21ce9f\" data-element_type=\"widget\" data-e-type=\"widget\" data-widget_type=\"image.default\">\n\t\t\t\t\t\t\t\t\t\t\t\t\t\t\t<img decoding=\"async\" width=\"1024\" height=\"1024\" src=\"https:\/\/volgoor.com\/wp-content\/uploads\/2025\/11\/logo-volggor-refait-20.10-Copie.png\" class=\"attachment-full size-full wp-image-7158\" alt=\"logo du monde de Volgoor\" srcset=\"https:\/\/volgoor.com\/wp-content\/uploads\/2025\/11\/logo-volggor-refait-20.10-Copie.png 1024w, https:\/\/volgoor.com\/wp-content\/uploads\/2025\/11\/logo-volggor-refait-20.10-Copie-300x300.png 300w, https:\/\/volgoor.com\/wp-content\/uploads\/2025\/11\/logo-volggor-refait-20.10-Copie-150x150.png 150w, https:\/\/volgoor.com\/wp-content\/uploads\/2025\/11\/logo-volggor-refait-20.10-Copie-768x768.png 768w\" sizes=\"(max-width: 1024px) 100vw, 1024px\" \/>\t\t\t\t\t\t\t\t\t\t\t\t\t\t\t<\/div>\n\t\t\t\t<\/div>\n\t\t\t\t<\/div>\n\t\t\t\t<\/div>\n\t\t","protected":false},"excerpt":{"rendered":"<p>\u00c0 venir dans l\u2019univers de Volgoor VOLGOOR : LE SEIGNEUR DU GIVRE Sortie pr\u00e9vue \u2013 2026 Dans l\u2019un des grands royaumes du monde de Volgoor, le Seigneur du Givre \u00e9tend son empire de glace.Son ambition est sans limite : plonger les terres du Sud dans un hiver \u00e9ternel, o\u00f9 plus rien ne fleurirait jamais.Des temp\u00eates [&hellip;]<\/p>\n","protected":false},"author":1,"featured_media":0,"parent":0,"menu_order":0,"comment_status":"closed","ping_status":"closed","template":"","meta":{"footnotes":""},"class_list":["post-68","page","type-page","status-publish","hentry"],"_links":{"self":[{"href":"https:\/\/volgoor.com\/index.php\/wp-json\/wp\/v2\/pages\/68","targetHints":{"allow":["GET"]}}],"collection":[{"href":"https:\/\/volgoor.com\/index.php\/wp-json\/wp\/v2\/pages"}],"about":[{"href":"https:\/\/volgoor.com\/index.php\/wp-json\/wp\/v2\/types\/page"}],"author":[{"embeddable":true,"href":"https:\/\/volgoor.com\/index.php\/wp-json\/wp\/v2\/users\/1"}],"replies":[{"embeddable":true,"href":"https:\/\/volgoor.com\/index.php\/wp-json\/wp\/v2\/comments?post=68"}],"version-history":[{"count":75,"href":"https:\/\/volgoor.com\/index.php\/wp-json\/wp\/v2\/pages\/68\/revisions"}],"predecessor-version":[{"id":7802,"href":"https:\/\/volgoor.com\/index.php\/wp-json\/wp\/v2\/pages\/68\/revisions\/7802"}],"wp:attachment":[{"href":"https:\/\/volgoor.com\/index.php\/wp-json\/wp\/v2\/media?parent=68"}],"curies":[{"name":"wp","href":"https:\/\/api.w.org\/{rel}","templated":true}]}}